{"id":990236,"date":"2023-03-24T01:00:00","date_gmt":"2023-03-24T01:00:00","guid":{"rendered":"https:\/\/simplexconsulting.net\/team\/senem-sunar-gok\/"},"modified":"2026-02-13T11:44:40","modified_gmt":"2026-02-13T11:44:40","slug":"senem-sunar-gok","status":"publish","type":"page","link":"https:\/\/simplexconsulting.net\/en\/team\/senem-sunar-gok\/","title":{"rendered":"Senem Sunar G\u00f6k"},"content":{"rendered":"\t\t<div data-elementor-type=\"wp-page\" data-elementor-id=\"990236\" class=\"elementor elementor-990236 elementor-6224\" data-elementor-post-type=\"page\">\n\t\t\t\t\t\t<section class=\"elementor-section elementor-top-section elementor-element elementor-element-607ee48 elementor-section-boxed elementor-section-height-default elementor-section-height-default\" data-id=\"607ee48\" data-element_type=\"section\" data-e-type=\"section\">\n\t\t\t\t\t\t<div class=\"elementor-container elementor-column-gap-default\">\n\t\t\t\t\t<div class=\"elementor-column elementor-col-100 elementor-top-column elementor-element elementor-element-3bdf0074\" data-id=\"3bdf0074\" data-element_type=\"column\" data-e-type=\"column\">\n\t\t\t<div class=\"elementor-widget-wrap elementor-element-populated\">\n\t\t\t\t\t\t<div class=\"elementor-element elementor-element-aab86b elementor-widget elementor-widget-text-editor\" data-id=\"aab86b\" data-element_type=\"widget\" data-e-type=\"widget\" data-widget_type=\"text-editor.default\">\n\t\t\t\t<div class=\"elementor-widget-container\">\n\t\t\t\t\t\t\t\t\t<p style=\"margin-bottom: 12.0pt; vertical-align: baseline;\">In 1999, Senem SUNAR graduated from Dokuz Eyl\u00fcl University &#8220;Electrical &amp; Electronics Engineering&#8221; department and started her professional career in the same year as a &#8220;Planning Engineer&#8221; in the Radio Network Optimization team at Turkcell \u0130leti\u015fim Hiz. A.\u015e. as a &#8220;Planning Engineer&#8221; in the Radio Network Optimization team. In a very short time, she was promoted to &#8220;Technical Teams Planning Manager&#8221; and during the 17 years she worked there, she gained experience in many different fields, especially in &#8220;GSM Technology&#8221; and &#8220;Human Resources Management&#8221; (Team management &amp; success, competency-based recruitment, performance management, etc.).<\/p><p style=\"margin-bottom: 12.0pt; vertical-align: baseline;\">During her time at Turkcell, she completed her MBA in &#8220;Management Organization \/ Human Resources&#8221; and also completed &#8220;Education and Life Coaching &#8211; ICF Accreditation&#8221; programs.<\/p><p style=\"margin-bottom: 12.0pt; vertical-align: baseline;\">In 2016, after working as a &#8220;Senior Recruiter&#8221; at &#8220;Mento HR Human Resources&#8221;, he continued his professional life in Punteks, KentKart and Zero Density companies respectively.<\/p><p style=\"margin-bottom: 12.0pt; vertical-align: baseline;\">She currently provides consultancy support to companies in the fields of Technical Project Management and Human Resources.<\/p><p style=\"margin-bottom: 12.0pt; vertical-align: baseline;\">Areas of Expertise: Team Management, Competency Based Recruitment, Performance Evaluation, Technical Project Management and Training<\/p>\t\t\t\t\t\t\t\t<\/div>\n\t\t\t\t<\/div>\n\t\t\t\t<div class=\"elementor-element elementor-element-17087d26 elementor-shape-circle elementor-grid-2 e-grid-align-left e-grid-align-mobile-left elementor-widget__width-auto elementor-widget elementor-widget-social-icons\" data-id=\"17087d26\" data-element_type=\"widget\" data-e-type=\"widget\" data-widget_type=\"social-icons.default\">\n\t\t\t\t<div class=\"elementor-widget-container\">\n\t\t\t\t\t\t\t<div class=\"elementor-social-icons-wrapper elementor-grid\">\n\t\t\t\t\t\t\t<span class=\"elementor-grid-item\">\n\t\t\t\t\t<a class=\"elementor-icon elementor-social-icon elementor-social-icon-linkedin elementor-repeater-item-c7c5b59\" href=\"https:\/\/www.linkedin.com\/in\/senem-sunar-g%C3%B6k-6805742\/\" target=\"_blank\">\n\t\t\t\t\t\t<span class=\"elementor-screen-only\">Linkedin<\/span>\n\t\t\t\t\t\t<i aria-hidden=\"true\" class=\"fab fa-linkedin\"><\/i>\t\t\t\t\t<\/a>\n\t\t\t\t<\/span>\n\t\t\t\t\t<\/div>\n\t\t\t\t\t\t<\/div>\n\t\t\t\t<\/div>\n\t\t\t\t\t<\/div>\n\t\t<\/div>\n\t\t\t\t\t<\/div>\n\t\t<\/section>\n\t\t\t\t<section class=\"elementor-section elementor-top-section elementor-element elementor-element-b60e4eb elementor-section-boxed elementor-section-height-default elementor-section-height-default\" data-id=\"b60e4eb\" data-element_type=\"section\" data-e-type=\"section\">\n\t\t\t\t\t\t<div class=\"elementor-container elementor-column-gap-default\">\n\t\t\t\t\t<div class=\"elementor-column elementor-col-100 elementor-top-column elementor-element elementor-element-739da84\" data-id=\"739da84\" data-element_type=\"column\" data-e-type=\"column\">\n\t\t\t<div class=\"elementor-widget-wrap\">\n\t\t\t\t\t\t\t<\/div>\n\t\t<\/div>\n\t\t\t\t\t<\/div>\n\t\t<\/section>\n\t\t\t\t<\/div>\n\t\t","protected":false},"excerpt":{"rendered":"<p>Devops Engineer<\/p>\n","protected":false},"author":1,"featured_media":990237,"parent":990182,"menu_order":0,"comment_status":"closed","ping_status":"closed","template":"","meta":{"footnotes":""},"class_list":["post-990236","page","type-page","status-publish","has-post-thumbnail","hentry"],"aioseo_notices":[],"_links":{"self":[{"href":"https:\/\/simplexconsulting.net\/en\/wp-json\/wp\/v2\/pages\/990236","targetHints":{"allow":["GET"]}}],"collection":[{"href":"https:\/\/simplexconsulting.net\/en\/wp-json\/wp\/v2\/pages"}],"about":[{"href":"https:\/\/simplexconsulting.net\/en\/wp-json\/wp\/v2\/types\/page"}],"author":[{"embeddable":true,"href":"https:\/\/simplexconsulting.net\/en\/wp-json\/wp\/v2\/users\/1"}],"replies":[{"embeddable":true,"href":"https:\/\/simplexconsulting.net\/en\/wp-json\/wp\/v2\/comments?post=990236"}],"version-history":[{"count":4,"href":"https:\/\/simplexconsulting.net\/en\/wp-json\/wp\/v2\/pages\/990236\/revisions"}],"predecessor-version":[{"id":990542,"href":"https:\/\/simplexconsulting.net\/en\/wp-json\/wp\/v2\/pages\/990236\/revisions\/990542"}],"up":[{"embeddable":true,"href":"https:\/\/simplexconsulting.net\/en\/wp-json\/wp\/v2\/pages\/990182"}],"wp:featuredmedia":[{"embeddable":true,"href":"https:\/\/simplexconsulting.net\/en\/wp-json\/wp\/v2\/media\/990237"}],"wp:attachment":[{"href":"https:\/\/simplexconsulting.net\/en\/wp-json\/wp\/v2\/media?parent=990236"}],"curies":[{"name":"wp","href":"https:\/\/api.w.org\/{rel}","templated":true}]}}